{"id":2489,"date":"2019-09-27T10:17:28","date_gmt":"2019-09-27T08:17:28","guid":{"rendered":"https:\/\/vivotapas.com\/?page_id=2489"},"modified":"2020-01-30T11:43:07","modified_gmt":"2020-01-30T10:43:07","slug":"cocteleria-del-vivo","status":"publish","type":"page","link":"https:\/\/vivotapas.com\/ca\/cocteleria-del-vivo\/","title":{"rendered":"Cocteler\u00eda del Vivo"},"content":{"rendered":"<div class=\"wpb-content-wrapper\"><p>[vc_row][vc_column][vc_column_text]<\/p>\n<h2 style=\"text-align: center;\"><strong>Et ve de gust gaudir de la millor cocteleria de Barcelona entre amics? Vols gaudir de les nits del cap de setmana en un ambiente \u00fanic?<\/strong><\/h2>\n<p><span style=\"font-size: 18px;\">LLavor,\u00a0<a href=\"https:\/\/vivotapas.com\/\"><strong>Vivo Cocktail Tapas Restaurante<\/strong><\/a> est\u00e0 fet per a tu. Perqu\u00e8 els nostres b\u00e0rman s\u00f3n especialistes en l&#8217;elaboraci\u00f3 de la millor cocteleria cl\u00e0ssica i innovadora. Classificant-nos entre\u00a0 <strong>els millor coctelers d&#8217;Espanya,<\/strong> t&#8217;assegurem uns c\u00f2ctels \u00fanics i exquisits. Perfectes per gaudir en la nostra barra i butaques.<br \/>\n<\/span>[\/vc_column_text][vc_empty_space][vc_btn title=&#8221;Carta Cocktails&#8221; color=&#8221;inverse&#8221; size=&#8221;lg&#8221; align=&#8221;center&#8221; link=&#8221;url:https%3A%2F%2Fvivotapas.com%2Fwp-content%2Fuploads%2F2019%2F05%2FCARTA-COCKTAILS-MAYO2019.pdf|||&#8221;][\/vc_column][\/vc_row][vc_row disable_element=&#8221;yes&#8221;][vc_column][vc_empty_space][vc_basic_grid post_type=&#8221;post&#8221; max_items=&#8221;10&#8243; style=&#8221;pagination&#8221; element_width=&#8221;3&#8243; initial_loading_animation=&#8221;none&#8221; grid_id=&#8221;vc_gid:1580381105400-4ec5f8b8-a04e-6&#8243; taxonomies=&#8221;20&#8243;][\/vc_column][\/vc_row]<\/p>\n<\/div>","protected":false},"excerpt":{"rendered":"<p>[vc_row][vc_column][vc_column_text] Et ve de gust gaudir de la millor cocteleria de Barcelona entre amics? Vols gaudir de les nits del cap de setmana en un ambiente \u00fanic? LLavor,\u00a0Vivo Cocktail Tapas Restaurante est\u00e0 fet per a tu. Perqu\u00e8 els nostres b\u00e0rman s\u00f3n especialistes en l&#8217;elaboraci\u00f3 de la millor cocteleria cl\u00e0ssica i innovadora. Classificant-nos entre\u00a0 els millor [&hellip;]<\/p>\n","protected":false},"author":4,"featured_media":0,"parent":0,"menu_order":0,"comment_status":"closed","ping_status":"closed","template":"","meta":{"footnotes":""},"_links":{"self":[{"href":"https:\/\/vivotapas.com\/ca\/wp-json\/wp\/v2\/pages\/2489"}],"collection":[{"href":"https:\/\/vivotapas.com\/ca\/wp-json\/wp\/v2\/pages"}],"about":[{"href":"https:\/\/vivotapas.com\/ca\/wp-json\/wp\/v2\/types\/page"}],"author":[{"embeddable":true,"href":"https:\/\/vivotapas.com\/ca\/wp-json\/wp\/v2\/users\/4"}],"replies":[{"embeddable":true,"href":"https:\/\/vivotapas.com\/ca\/wp-json\/wp\/v2\/comments?post=2489"}],"version-history":[{"count":3,"href":"https:\/\/vivotapas.com\/ca\/wp-json\/wp\/v2\/pages\/2489\/revisions"}],"predecessor-version":[{"id":3082,"href":"https:\/\/vivotapas.com\/ca\/wp-json\/wp\/v2\/pages\/2489\/revisions\/3082"}],"wp:attachment":[{"href":"https:\/\/vivotapas.com\/ca\/wp-json\/wp\/v2\/media?parent=2489"}],"curies":[{"name":"wp","href":"https:\/\/api.w.org\/{rel}","templated":true}]}}