{"id":3880,"date":"2020-08-21T09:16:29","date_gmt":"2020-08-21T07:16:29","guid":{"rendered":"https:\/\/vivotapas.com\/?page_id=3880"},"modified":"2020-08-25T10:30:42","modified_gmt":"2020-08-25T08:30:42","slug":"tapes-barcelona","status":"publish","type":"page","link":"https:\/\/vivotapas.com\/ca\/tapes-barcelona\/","title":{"rendered":"Tapes Barcelona"},"content":{"rendered":"<div class=\"wpb-content-wrapper\"><p>[vc_row][vc_column][vc_column_text]<\/p>\n<h1>Restaurant de Tapes Barcelona<\/h1>\n<p>[\/vc_column_text][\/vc_column][\/vc_row][vc_row][vc_column][\/vc_column][\/vc_row][vc_row][vc_column width=&#8221;1\/2&#8243;][vc_column_text]<\/p>\n<p id=\"tw-target-text\" class=\"tw-data-text tw-text-large XcVN5d tw-ta\" dir=\"ltr\" data-placeholder=\"Traducci\u00f3n\"><span lang=\"ca\" style=\"font-size: 25px; color: #000000;\">Al VIVO TAPAS fem honor al nostre nom, vam apostar per una completa carta de tapes i per una cuina de qualitat, amb plats casolans i receptes tradicionals. Tot es produeix a el moment en la nostra cuina amb productes frescos i de primera qualitat, treballem tant tapes cl\u00e0ssiques com innovadores tapes, molt ben fetes i saboroses.<\/span><\/p>\n<p>[\/vc_column_text][vc_column_text]<\/p>\n<p id=\"tw-target-text\" class=\"tw-data-text tw-text-large XcVN5d tw-ta\" dir=\"ltr\" data-placeholder=\"Traducci\u00f3n\"><span lang=\"ca\" style=\"font-size: 20px;\">En el nostre restaurant de tapes a Barcelona pots trobar des de les cl\u00e0ssiques i populars patates braves fins a les exclusives Ostres Gillardeau o la Tonyina Blue Fin. Volem destacar nostres escabetxos casolans o la truita de patates trufades que preparem &#8220;\u00c0 la minute&#8221;, deliciosa, i no ens podem oblidar de les croquetes de pernil ib\u00e8ric, les anxoves de l&#8217;Cant\u00e0bric, seitons en vinagre o els musclos en escabetx.<\/span><\/p>\n<p>[\/vc_column_text][\/vc_column][vc_column width=&#8221;1\/2&#8243;][vc_column_text]<img loading=\"lazy\" decoding=\"async\" class=\"aligncenter wp-image-3881 size-large\" src=\"https:\/\/vivotapas.com\/wp-content\/uploads\/2020\/08\/WhatsApp-Image-2020-07-30-at-11.55.53-819x1024.jpeg\" alt=\"restaurante de tapas barcelona\" width=\"819\" height=\"1024\" srcset=\"https:\/\/vivotapas.com\/wp-content\/uploads\/2020\/08\/WhatsApp-Image-2020-07-30-at-11.55.53-819x1024.jpeg 819w, https:\/\/vivotapas.com\/wp-content\/uploads\/2020\/08\/WhatsApp-Image-2020-07-30-at-11.55.53-240x300.jpeg 240w, https:\/\/vivotapas.com\/wp-content\/uploads\/2020\/08\/WhatsApp-Image-2020-07-30-at-11.55.53-768x960.jpeg 768w, https:\/\/vivotapas.com\/wp-content\/uploads\/2020\/08\/WhatsApp-Image-2020-07-30-at-11.55.53.jpeg 1080w\" sizes=\"(max-width: 819px) 100vw, 819px\" \/>[\/vc_column_text][\/vc_column][\/vc_row][vc_row][vc_column width=&#8221;1\/2&#8243;][vc_column_text]<img loading=\"lazy\" decoding=\"async\" class=\"aligncenter wp-image-3882 size-large\" src=\"https:\/\/vivotapas.com\/wp-content\/uploads\/2020\/08\/WhatsApp-Image-2020-07-30-at-11.55.53-1-819x1024.jpeg\" alt=\"restaurante de tapas \" width=\"819\" height=\"1024\" srcset=\"https:\/\/vivotapas.com\/wp-content\/uploads\/2020\/08\/WhatsApp-Image-2020-07-30-at-11.55.53-1-819x1024.jpeg 819w, https:\/\/vivotapas.com\/wp-content\/uploads\/2020\/08\/WhatsApp-Image-2020-07-30-at-11.55.53-1-240x300.jpeg 240w, https:\/\/vivotapas.com\/wp-content\/uploads\/2020\/08\/WhatsApp-Image-2020-07-30-at-11.55.53-1-768x960.jpeg 768w, https:\/\/vivotapas.com\/wp-content\/uploads\/2020\/08\/WhatsApp-Image-2020-07-30-at-11.55.53-1.jpeg 1080w\" sizes=\"(max-width: 819px) 100vw, 819px\" \/>[\/vc_column_text][\/vc_column][vc_column width=&#8221;1\/2&#8243;][vc_column_text]<span style=\"font-size: 30px;\">PASSI\u00d3 PER LES TAPES<\/span><\/p>\n<p id=\"tw-target-text\" class=\"tw-data-text tw-text-large XcVN5d tw-ta\" dir=\"ltr\" data-placeholder=\"Traducci\u00f3n\"><span lang=\"ca\" style=\"font-size: 20px;\">La nostra passi\u00f3 sobre aquests t\u00edpics plats ens ha portat a crear tapes molt innovadores, el nostre xef prepara propostes delicioses i sorprenents, que et semblen uns calamars a l&#8217;andalusa en la seva tinta amb maionesa wasabi, un delici\u00f3s bikini de xai o el Steak t\u00e0rtar de wagyu acompanyat de Pa carasau i alcaparrones, insuperable.<\/span><\/p>\n<p>[\/vc_column_text][\/vc_column][\/vc_row][vc_row][vc_column width=&#8221;1\/2&#8243;][vc_column_text]<span style=\"font-size: 30px;\">TAPES DEL MAR<\/span><\/p>\n<div id=\"tw-target-text-container\" class=\"tw-ta-container hide-focus-ring tw-nfl\" tabindex=\"0\">\n<p id=\"tw-target-text\" class=\"tw-data-text tw-text-large XcVN5d tw-ta\" dir=\"ltr\" data-placeholder=\"Traducci\u00f3n\"><span lang=\"ca\" style=\"font-size: 20px;\">El mar t\u00e9 un apartat a part en la nostra cuina, les tapes de la mar elaborades sense cocci\u00f3 retenen tota l&#8217;ess\u00e8ncia de la Mediterr\u00e0nia i els altres mars: les Ostres Gillardeau, la Tonyina Blue Fi amb ponzu mediterrani, el T\u00e0rtar de salm\u00f3 amb vinagreta de wasabi &amp; xips de nori, el Carpaccio llobarro salvatge amb vinagreta de fruita passi\u00f3, les anxoves de l&#8217;Cant\u00e0bric acabant amb els nostres seitons en vinagre casolans, s\u00f3n hereus d&#8217;una cuina tradicional i saludable.<\/span><\/p>\n<\/div>\n<p>[\/vc_column_text][\/vc_column][vc_column width=&#8221;1\/2&#8243;][vc_column_text]<img loading=\"lazy\" decoding=\"async\" class=\"aligncenter wp-image-3883 size-large\" src=\"https:\/\/vivotapas.com\/wp-content\/uploads\/2020\/08\/WhatsApp-Image-2020-07-30-at-11.55.53-5-819x1024.jpeg\" alt=\"\" width=\"819\" height=\"1024\" srcset=\"https:\/\/vivotapas.com\/wp-content\/uploads\/2020\/08\/WhatsApp-Image-2020-07-30-at-11.55.53-5-819x1024.jpeg 819w, https:\/\/vivotapas.com\/wp-content\/uploads\/2020\/08\/WhatsApp-Image-2020-07-30-at-11.55.53-5-240x300.jpeg 240w, https:\/\/vivotapas.com\/wp-content\/uploads\/2020\/08\/WhatsApp-Image-2020-07-30-at-11.55.53-5-768x960.jpeg 768w, https:\/\/vivotapas.com\/wp-content\/uploads\/2020\/08\/WhatsApp-Image-2020-07-30-at-11.55.53-5.jpeg 1080w\" sizes=\"(max-width: 819px) 100vw, 819px\" \/>[\/vc_column_text][\/vc_column][\/vc_row][vc_row][vc_column width=&#8221;1\/2&#8243;][vc_column_text]<img loading=\"lazy\" decoding=\"async\" class=\"aligncenter wp-image-3884 size-large\" src=\"https:\/\/vivotapas.com\/wp-content\/uploads\/2020\/08\/WhatsApp-Image-2020-07-30-at-11.55.53-3-819x1024.jpeg\" alt=\"tapas restaurante barcelona \" width=\"819\" height=\"1024\" srcset=\"https:\/\/vivotapas.com\/wp-content\/uploads\/2020\/08\/WhatsApp-Image-2020-07-30-at-11.55.53-3-819x1024.jpeg 819w, https:\/\/vivotapas.com\/wp-content\/uploads\/2020\/08\/WhatsApp-Image-2020-07-30-at-11.55.53-3-240x300.jpeg 240w, https:\/\/vivotapas.com\/wp-content\/uploads\/2020\/08\/WhatsApp-Image-2020-07-30-at-11.55.53-3-768x960.jpeg 768w, https:\/\/vivotapas.com\/wp-content\/uploads\/2020\/08\/WhatsApp-Image-2020-07-30-at-11.55.53-3.jpeg 1080w\" sizes=\"(max-width: 819px) 100vw, 819px\" \/>[\/vc_column_text][\/vc_column][vc_column width=&#8221;1\/2&#8243;][vc_column_text]<span style=\"font-size: 30px;\">CONEIX LES NOSTRES TAPES<br \/>\n<\/span><\/p>\n<div id=\"tw-target-text-container\" class=\"tw-ta-container hide-focus-ring tw-nfl\" tabindex=\"0\">\n<p id=\"tw-target-text\" class=\"tw-data-text tw-text-large XcVN5d tw-ta\" dir=\"ltr\" data-placeholder=\"Traducci\u00f3n\"><span lang=\"ca\" style=\"font-size: 20px;\">Et convidem a con\u00e8ixer la nostra nova carta de tapes que hem creat ajustant molt els preus i acompanyar-la de vins, sens dubte som un referent de tapes a Barcelona.<\/span><\/p>\n<\/div>\n<p>[\/vc_column_text][vc_btn title=&#8221;CARTA TAPES&#8221; color=&#8221;inverse&#8221; size=&#8221;lg&#8221; align=&#8221;right&#8221; link=&#8221;url:https%3A%2F%2Fvivotapas.com%2Fca%2Fcarta%2F||target:%20_blank|&#8221;][\/vc_column][\/vc_row]<\/p>\n<\/div>","protected":false},"excerpt":{"rendered":"<p>[vc_row][vc_column][vc_column_text] Restaurant de Tapes Barcelona [\/vc_column_text][\/vc_column][\/vc_row][vc_row][vc_column][\/vc_column][\/vc_row][vc_row][vc_column width=&#8221;1\/2&#8243;][vc_column_text] Al VIVO TAPAS fem honor al nostre nom, vam apostar per una completa carta de tapes i per una cuina de qualitat, amb plats casolans i receptes tradicionals. Tot es produeix a el moment en la nostra cuina amb productes frescos i de primera qualitat, treballem tant tapes [&hellip;]<\/p>\n","protected":false},"author":4,"featured_media":0,"parent":0,"menu_order":0,"comment_status":"closed","ping_status":"closed","template":"","meta":{"footnotes":""},"_links":{"self":[{"href":"https:\/\/vivotapas.com\/ca\/wp-json\/wp\/v2\/pages\/3880"}],"collection":[{"href":"https:\/\/vivotapas.com\/ca\/wp-json\/wp\/v2\/pages"}],"about":[{"href":"https:\/\/vivotapas.com\/ca\/wp-json\/wp\/v2\/types\/page"}],"author":[{"embeddable":true,"href":"https:\/\/vivotapas.com\/ca\/wp-json\/wp\/v2\/users\/4"}],"replies":[{"embeddable":true,"href":"https:\/\/vivotapas.com\/ca\/wp-json\/wp\/v2\/comments?post=3880"}],"version-history":[{"count":9,"href":"https:\/\/vivotapas.com\/ca\/wp-json\/wp\/v2\/pages\/3880\/revisions"}],"predecessor-version":[{"id":3904,"href":"https:\/\/vivotapas.com\/ca\/wp-json\/wp\/v2\/pages\/3880\/revisions\/3904"}],"wp:attachment":[{"href":"https:\/\/vivotapas.com\/ca\/wp-json\/wp\/v2\/media?parent=3880"}],"curies":[{"name":"wp","href":"https:\/\/api.w.org\/{rel}","templated":true}]}}