{"id":484,"date":"2018-07-25T12:09:06","date_gmt":"2018-07-25T12:09:06","guid":{"rendered":"http:\/\/vivotapas.com\/?page_id=484"},"modified":"2025-02-24T17:00:10","modified_gmt":"2025-02-24T16:00:10","slug":"inicio","status":"publish","type":"page","link":"https:\/\/vivotapas.com\/ca\/","title":{"rendered":"Inici"},"content":{"rendered":"<div class=\"wpb-content-wrapper\"><p>[vc_row css=&#8221;.vc_custom_1529416193410{margin-top: -20px !important;}&#8221;][vc_column][rev_slider_vc alias=&#8221;slider-vivo-24-mayo-19&#8243;][vc_column_text]<a id=\"seccion1\"><\/a>[\/vc_column_text][\/vc_column][\/vc_row][vc_row el_id=&#8221;textodebajoslider&#8221;][vc_column css_animation=&#8221;none&#8221; width=&#8221;2\/3&#8243;][vc_column_text]<\/p>\n<p style=\"text-align: left;\"><span style=\"font-size: 22px;\"><strong><span style=\"color: #000000;\">Vivo Tapas Barcelona:<\/span><\/strong><\/span><\/p>\n<p>[\/vc_column_text][vc_column_text]<\/p>\n<hr \/>\n<p style=\"text-align: left;\"><span style=\"font-size: 20px; color: #000000;\">El vivo tapas \u00e9s un restaurant molt especial.<span class=\"HwtZe\" lang=\"ca\"> <span class=\"jCAhz ChMk0b\"><span class=\"ryNqvb\">Un espai exclusiu per gaudir d&#8217;una cuina creativa basada en els productes del pa\u00eds, sense renunciar a les aportacions de la cuina internacional.<\/span><\/span><\/span><\/span><\/p>\n<p style=\"text-align: left;\"><span style=\"font-size: 20px; color: #000000;\"><strong>Lloc de moda a Barcelona,\u00a0<\/strong>amb una de les nits m\u00e9s interessants de la ciutat,\u00a0<strong>sopars amb esdeveniments diaris i els c\u00f2ctels m\u00e9s exclusius<\/strong> dels nostres Bartenders.<br \/>\n<\/span><\/p>\n<hr \/>\n<p>[\/vc_column_text][vc_single_image image=&#8221;1980&#8243; img_size=&#8221;full&#8221;][\/vc_column][vc_column width=&#8221;1\/3&#8243;][vc_column_text]<\/p>\n<h2 style=\"text-align: left;\"><span style=\"font-size: 22px;\"><strong>Restaurant Barcelona\u00a0Vivo Tapas, qualitat i professionalitat.<\/strong><\/span><\/h2>\n<p><span style=\"color: #000000; font-size: 18px;\"><span class=\"\">La creativitat, sabor i exquisidesa de les nostres tapes i plats, \u00e9s fruit dels anys d&#8217;experi\u00e8ncia en la restauraci\u00f3 de tot l&#8217;equip.\u00a0<\/span>Exig\u00e8ncia en l&#8217;elecci\u00f3 dels productes m\u00e9s frescos i de qualitat del mercat, l&#8217;experi\u00e8ncia, afecte i professionalitat en l&#8217;elaboraci\u00f3, l&#8217;acurada i est\u00e8tica presentaci\u00f3 dels plats, i un esperit creatiu i inconformista en el disseny de la nostra carta, s\u00f3n els senyals d&#8217;identitat de la cuina i de les <strong>Tapes de Vivo<\/strong>.<\/span><\/p>\n<p><span style=\"color: #000000; font-size: 18px;\">Pel que fa a l&#8217;atenci\u00f3 al client, hem format un Equip de Sala motivat i amb experi\u00e8ncia, que estar\u00e0 en tot moment atent a les seves necessitats.<\/span>[\/vc_column_text][vc_column_text]<\/p>\n<h2 style=\"text-align: left;\"><strong><span style=\"color: #000000; font-size: 22px;\">Restaurant de Moda de Barcelona<\/span><br \/>\n<\/strong><\/h2>\n<p><span style=\"color: #000000;\"><span style=\"font-size: 18px;\">El nostre equip <\/span><span style=\"font-size: 18px;\"><span class=\"\">l&#8217;atendr\u00e0 amb la m\u00e0xima cortesia i amabilitat, assegurant-se que la seva experi\u00e8ncia en Vivo sigui agradable en tots els sentits.<\/span><\/span><\/span><\/p>\n<p><span style=\"color: #000000; font-size: 18px;\">Un local acollidor, amb una decoraci\u00f3 moderna i elegant, d&#8217;acord amb la distingida zona de Barcelona en qu\u00e8 est\u00e0 ubicat.\u00a0Un ambient tranquil i agradable ideal per gaudir de les nostres tapes, plats i postres en un sopar rom\u00e0ntic, en companyia de familiars i amics, o en un dinar d&#8217;empresa i negocis. <\/span>[\/vc_column_text][\/vc_column][\/vc_row][vc_row][vc_column width=&#8221;1\/3&#8243;][vc_single_image image=&#8221;4839&#8243; img_size=&#8221;full&#8221;][\/vc_column][vc_column width=&#8221;1\/3&#8243;][vc_single_image image=&#8221;4841&#8243; img_size=&#8221;full&#8221;][\/vc_column][vc_column width=&#8221;1\/3&#8243;][vc_single_image image=&#8221;4842&#8243; img_size=&#8221;full&#8221;][\/vc_column][\/vc_row][vc_row][vc_column][\/vc_column][\/vc_row][vc_row][vc_column][\/vc_column][\/vc_row][vc_row][vc_column][vc_empty_space height=&#8221;50px&#8221;][\/vc_column][\/vc_row][vc_row][vc_column width=&#8221;1\/3&#8243;][vc_column_text]<\/p>\n<p style=\"text-align: left;\"><span style=\"color: #000000; font-size: 22px;\"><strong>Carta i men\u00fas<\/strong><\/span><\/p>\n<p>[\/vc_column_text][vc_column_text]<\/p>\n<hr \/>\n<p style=\"text-align: left;\"><span style=\"color: #000000; font-size: 20px;\">A Vivo Tapas, pots degustar <\/span><span style=\"color: #000000; font-size: 20px;\">una gran varietat de plats i tapes <\/span><span style=\"color: #000000; font-size: 20px;\">d&#8217;inconfusible origen mediterrani.<\/span><\/p>\n<hr \/>\n<p>[\/vc_column_text][vc_btn title=&#8221;Veure la carta&#8221; color=&#8221;default&#8221; size=&#8221;lg&#8221; align=&#8221;center&#8221; link=&#8221;url:http%3A%2F%2Fvivotapas.com%2Fca%2Fcarta%2F||target:%20_blank|&#8221;][\/vc_column][vc_column width=&#8221;1\/3&#8243;][vc_column_text]<\/p>\n<p style=\"text-align: left;\"><span style=\"font-size: 30px; color: #908767;\"><span style=\"color: #000000; font-size: 22px;\"><strong>A Vivo Tapas Restaurant Barcelona trobar\u00e0s:<\/strong><\/span><br \/>\n<\/span>[\/vc_column_text][vc_column_text el_id=&#8221;texto1&#8243;]<\/p>\n<ul>\n<li style=\"text-align: left;\">\n<h4><span style=\"color: #000000; font-size: 20px;\">Carta completa de tapes i plats<\/span><\/h4>\n<\/li>\n<li style=\"text-align: left;\">\n<h4><span style=\"color: #000000; font-size: 20px;\">Carta de postres artesans<\/span><\/h4>\n<\/li>\n<li style=\"text-align: left;\">\n<h4><span style=\"color: #000000; font-size: 20px;\">Carta de vins especials<\/span><\/h4>\n<\/li>\n<li style=\"text-align: left;\">\n<h4><span style=\"color: #000000; font-size: 20px;\">Gin tonics Premium <\/span><\/h4>\n<\/li>\n<li style=\"text-align: left;\">\n<h4><span style=\"color: #000000; font-size: 20px;\">Carta de Cocktails<\/span><\/h4>\n<\/li>\n<li style=\"text-align: left;\">\n<h4><span style=\"color: #000000; font-size: 20px;\">La &#8220;Barra del Vivo&#8221;<\/span><\/h4>\n<\/li>\n<\/ul>\n<p>[\/vc_column_text][\/vc_column][vc_column width=&#8221;1\/3&#8243;][vc_column_text]<\/p>\n<p style=\"text-align: left;\"><span style=\"color: #000000; font-size: 22px;\"><strong>Reserva al nostre restaurant:<\/strong><\/span><\/p>\n<p>[\/vc_column_text][vc_column_text]<script type=\"text\/javascript\" src=\"https:\/\/module.lafourchette.com\/es_ES\/js\/vertical\/287803-eaea0\"><\/script>[\/vc_column_text][\/vc_column][\/vc_row][vc_row disable_element=&#8221;yes&#8221; css=&#8221;.vc_custom_1740412807651{padding-top: 40px !important;padding-bottom: 40px !important;}&#8221;][vc_column][vc_column_text css=&#8221;&#8221;]<\/p>\n<h2 style=\"text-align: center;\">Ja est\u00e0 disponible el men\u00fa de Cap d&#8217;Any 2024<\/h2>\n<p>[\/vc_column_text][vc_single_image image=&#8221;5492&#8243; img_size=&#8221;full&#8221; alignment=&#8221;center&#8221; css=&#8221;&#8221;][vc_btn title=&#8221;Veure el menu&#8221; style=&#8221;outline&#8221; color=&#8221;chino&#8221; size=&#8221;lg&#8221; align=&#8221;center&#8221; css=&#8221;&#8221; link=&#8221;url:https%3A%2F%2Fvivotapas.com%2Fwp-content%2Fuploads%2F2024%2F11%2Fmenu-fin-de-ano-24-Vivo-2-3.pdf&#8221;][\/vc_column][\/vc_row][vc_row][vc_column width=&#8221;1\/3&#8243;][vc_single_image image=&#8221;4844&#8243; img_size=&#8221;full&#8221;][\/vc_column][vc_column width=&#8221;1\/3&#8243;][vc_single_image image=&#8221;2042&#8243; img_size=&#8221;full&#8221;][\/vc_column][vc_column width=&#8221;1\/3&#8243;][vc_single_image image=&#8221;4843&#8243; img_size=&#8221;full&#8221;][\/vc_column][\/vc_row][vc_row][vc_column][vc_empty_space height=&#8221;100px&#8221;][\/vc_column][\/vc_row][vc_row][vc_column width=&#8221;2\/3&#8243;][vc_single_image image=&#8221;2229&#8243; img_size=&#8221;full&#8221; alignment=&#8221;center&#8221; onclick=&#8221;custom_link&#8221; link=&#8221;https:\/\/vivotapas.com\/ca\/cocteleria-del-vivo\/&#8221;][vc_single_image image=&#8221;2401&#8243; img_size=&#8221;full&#8221; alignment=&#8221;center&#8221;][\/vc_column][vc_column width=&#8221;1\/3&#8243;][vc_column_text]<\/p>\n<h5 style=\"text-align: left;\"><span style=\"color: #908767; font-size: 18px;\"><strong>Contacte <\/strong><\/span><\/h5>\n<p>[\/vc_column_text]\n<div class=\"wpcf7 no-js\" id=\"wpcf7-f585-o1\" lang=\"es-ES\" dir=\"ltr\">\n<div class=\"screen-reader-response\"><p role=\"status\" aria-live=\"polite\" aria-atomic=\"true\"><\/p> <ul><\/ul><\/div>\n<form action=\"\/ca\/wp-json\/wp\/v2\/pages\/484#wpcf7-f585-o1\" method=\"post\" class=\"wpcf7-form init\" aria-label=\"Formulario de contacto\" novalidate=\"novalidate\" data-status=\"init\">\n<div style=\"display: none;\">\n<input type=\"hidden\" name=\"_wpcf7\" value=\"585\" \/>\n<input type=\"hidden\" name=\"_wpcf7_version\" value=\"5.9.8\" \/>\n<input type=\"hidden\" name=\"_wpcf7_locale\" value=\"es_ES\" \/>\n<input type=\"hidden\" name=\"_wpcf7_unit_tag\" value=\"wpcf7-f585-o1\" \/>\n<input type=\"hidden\" name=\"_wpcf7_container_post\" value=\"0\" \/>\n<input type=\"hidden\" name=\"_wpcf7_posted_data_hash\" value=\"\" \/>\n<\/div>\n<p><label><i class=\"fa fa-user fa-lg\"><\/i> Nom*<br \/>\n<span class=\"wpcf7-form-control-wrap\" data-name=\"your-name\"><input size=\"40\" maxlength=\"400\" class=\"wpcf7-form-control wpcf7-text wpcf7-validates-as-required\" aria-required=\"true\" aria-invalid=\"false\" value=\"\" type=\"text\" name=\"your-name\" \/><\/span> <\/label>\n<\/p>\n<p><label><i class=\"fa fa-envelope fa-lg\"><\/i> E-mail*<br \/>\n<span class=\"wpcf7-form-control-wrap\" data-name=\"your-email\"><input size=\"40\" maxlength=\"400\" class=\"wpcf7-form-control wpcf7-email wpcf7-validates-as-required wpcf7-text wpcf7-validates-as-email\" aria-required=\"true\" aria-invalid=\"false\" value=\"\" type=\"email\" name=\"your-email\" \/><\/span> <\/label>\n<\/p>\n<p><label><i class=\"fa fa-phone fa-lg\"><\/i> Tel\u00e8fon*<br \/>\n<span class=\"wpcf7-form-control-wrap\" data-name=\"your-telephone\"><input size=\"40\" maxlength=\"400\" class=\"wpcf7-form-control wpcf7-text wpcf7-validates-as-required\" aria-required=\"true\" aria-invalid=\"false\" value=\"\" type=\"text\" name=\"your-telephone\" \/><\/span> <\/label>\n<\/p>\n<p><label><i class=\"fa fa-question fa-lg\"><\/i> Assumpte*<br \/>\n<span class=\"wpcf7-form-control-wrap\" data-name=\"your-subject\"><input size=\"40\" maxlength=\"400\" class=\"wpcf7-form-control wpcf7-text wpcf7-validates-as-required\" aria-required=\"true\" aria-invalid=\"false\" value=\"\" type=\"text\" name=\"your-subject\" \/><\/span> <\/label>\n<\/p>\n<p><label><i class=\"fa fa-edit fa-lg\"><\/i> Missatge<br \/>\n<span class=\"wpcf7-form-control-wrap\" data-name=\"your-message\"><textarea cols=\"40\" rows=\"10\" maxlength=\"2000\" class=\"wpcf7-form-control wpcf7-textarea\" aria-invalid=\"false\" name=\"your-message\"><\/textarea><\/span> <\/label>\n<\/p>\n<p><span class=\"wpcf7-form-control-wrap\" data-name=\"acepto1\"><span class=\"wpcf7-form-control wpcf7-acceptance\"><span class=\"wpcf7-list-item\"><label><input type=\"checkbox\" name=\"acepto1\" value=\"1\" aria-invalid=\"false\" \/><span class=\"wpcf7-list-item-label\">Accepto i he llegit l'<a href=\"https:\/\/vivotapas.com\/aviso-legal\/\">Av\u00eds Legal<\/a>.<\/span><\/label><\/span><\/span><\/span><br \/>\n<span class=\"wpcf7-form-control-wrap\" data-name=\"acepto2\"><span class=\"wpcf7-form-control wpcf7-acceptance\"><span class=\"wpcf7-list-item\"><label><input type=\"checkbox\" name=\"acepto2\" value=\"1\" aria-invalid=\"false\" \/><span class=\"wpcf7-list-item-label\">Accepto i he llegit la <a href=\"https:\/\/vivotapas.com\/politica-de-privacidad\/\">Pol\u00edtica de Privadessa<\/a>.<\/span><\/label><\/span><\/span><\/span>\n<\/p>\n<div class=\"cf7-cf-turnstile\" style=\"margin-top: 0px; margin-bottom: -15px;\"> <div id=\"cf-turnstile-cf7-3364891176\" class=\"cf-turnstile\" data-sitekey=\"0x4AAAAAABhT45qURFidl8rV\" data-theme=\"light\" data-language=\"auto\" data-size=\"normal\" data-retry=\"auto\" data-retry-interval=\"1000\" data-refresh-expired=\"auto\" data-action=\"contact-form-7\" data-appearance=\"always\"><\/div> <script>document.addEventListener(\"DOMContentLoaded\", function() { setTimeout(function(){ var e=document.getElementById(\"cf-turnstile-cf7-3364891176\"); e&&!e.innerHTML.trim()&&(turnstile.remove(\"#cf-turnstile-cf7-3364891176\"), turnstile.render(\"#cf-turnstile-cf7-3364891176\", {sitekey:\"0x4AAAAAABhT45qURFidl8rV\"})); }, 100); });<\/script> <br class=\"cf-turnstile-br cf-turnstile-br-cf7-3364891176\"> <style>#cf-turnstile-cf7-3364891176 { margin-left: -15px; }<\/style> <script>document.addEventListener(\"DOMContentLoaded\",function(){document.querySelectorAll('.wpcf7-form').forEach(function(e){e.addEventListener('submit',function(){if(document.getElementById('cf-turnstile-cf7-3364891176')){setTimeout(function(){turnstile.reset('#cf-turnstile-cf7-3364891176');},1000)}})})});<\/script> <\/div><br\/><input class=\"wpcf7-form-control wpcf7-submit has-spinner\" type=\"submit\" value=\"Enviar\" \/>\n<\/p><div class=\"wpcf7-response-output\" aria-hidden=\"true\"><\/div>\n<\/form>\n<\/div>\n[\/vc_column][\/vc_row][vc_row][\/vc_row][vc_column width=&#8221;2\/3&#8243;][vc_single_image image=&#8221;1882&#8243; img_size=&#8221;full&#8221; alignment=&#8221;center&#8221; onclick=&#8221;custom_link&#8221; img_link_target=&#8221;_blank&#8221; link=&#8221;https:\/\/goo.gl\/maps\/yFH1v22oapTVegu79&#8243;][\/vc_column][vc_column width=&#8221;1\/3&#8243;][\/vc_column][vc_facebook][vc_column_text]I am text block. Click edit button to change this text. Lorem ipsum dolor sit amet, consectetur adipiscing elit. Ut elit tellus, luctus nec ullamcorper mattis, pulvinar dapibus leo.[\/vc_column_text]<\/p>\n<\/div>","protected":false},"excerpt":{"rendered":"<p>[vc_row css=&#8221;.vc_custom_1529416193410{margin-top: -20px !important;}&#8221;][vc_column][rev_slider_vc alias=&#8221;slider-vivo-24-mayo-19&#8243;][vc_column_text][\/vc_column_text][\/vc_column][\/vc_row][vc_row el_id=&#8221;textodebajoslider&#8221;][vc_column css_animation=&#8221;none&#8221; width=&#8221;2\/3&#8243;][vc_column_text] Vivo Tapas Barcelona: [\/vc_column_text][vc_column_text] El vivo tapas \u00e9s un restaurant molt especial. Un espai exclusiu per gaudir d&#8217;una cuina creativa basada en els productes del pa\u00eds, sense renunciar a les aportacions de la cuina internacional. Lloc de moda a Barcelona,\u00a0amb una de les nits m\u00e9s interessants de [&hellip;]<\/p>\n","protected":false},"author":4,"featured_media":0,"parent":0,"menu_order":0,"comment_status":"closed","ping_status":"closed","template":"","meta":{"footnotes":""},"_links":{"self":[{"href":"https:\/\/vivotapas.com\/ca\/wp-json\/wp\/v2\/pages\/484"}],"collection":[{"href":"https:\/\/vivotapas.com\/ca\/wp-json\/wp\/v2\/pages"}],"about":[{"href":"https:\/\/vivotapas.com\/ca\/wp-json\/wp\/v2\/types\/page"}],"author":[{"embeddable":true,"href":"https:\/\/vivotapas.com\/ca\/wp-json\/wp\/v2\/users\/4"}],"replies":[{"embeddable":true,"href":"https:\/\/vivotapas.com\/ca\/wp-json\/wp\/v2\/comments?post=484"}],"version-history":[{"count":10,"href":"https:\/\/vivotapas.com\/ca\/wp-json\/wp\/v2\/pages\/484\/revisions"}],"predecessor-version":[{"id":5605,"href":"https:\/\/vivotapas.com\/ca\/wp-json\/wp\/v2\/pages\/484\/revisions\/5605"}],"wp:attachment":[{"href":"https:\/\/vivotapas.com\/ca\/wp-json\/wp\/v2\/media?parent=484"}],"curies":[{"name":"wp","href":"https:\/\/api.w.org\/{rel}","templated":true}]}}