{"id":487,"date":"2018-07-25T12:13:36","date_gmt":"2018-07-25T12:13:36","guid":{"rendered":"http:\/\/vivotapas.com\/?page_id=487"},"modified":"2018-10-18T14:54:18","modified_gmt":"2018-10-18T12:54:18","slug":"productes-de-primera-qualitat","status":"publish","type":"page","link":"https:\/\/vivotapas.com\/ca\/productes-de-primera-qualitat\/","title":{"rendered":"Productes de primera qualitat"},"content":{"rendered":"<div class=\"wpb-content-wrapper\"><p>[vc_row][vc_column][vc_single_image image=&#8221;336&#8243; img_size=&#8221;full&#8221;][vc_column_text]<span style=\"color: #000000; font-size: 18px;\">Per aconseguir que de la Cuina de Vivo<span class=\"\">surtin delicioses tapes d&#8217;alta cuina, nom\u00e9s permetem que entrin\u00a0<\/span><strong><span class=\"\">aliments de primer\u00edssima qualitat<\/span><\/strong><span class=\"\">.<\/span><br \/>\n<\/span><\/p>\n<p><span style=\"color: #000000; font-size: 18px;\"><span class=\"\">Tant nosaltres com la nostra xarxa de\u00a0<\/span><strong><span class=\"\">prove\u00efdors de m\u00e0xima confian\u00e7a i garantia<\/span><\/strong><span class=\"\">\u00a0, vam acudir al mercat di\u00e0riament a la recerca de gambes vermelles de Palam\u00f3s, bolets de temporada, escollim amb deteniment les peces m\u00e9s saboroses i tendres de les millors caps de bestiar, els peixos i mariscs m\u00e9s frescos, i les fruites i verdures de m\u00e9s qualitat.<\/span><br \/>\n<\/span><\/p>\n<p><span style=\"color: #000000;\"><span style=\"font-size: 18px;\">Tamb\u00e9 comptem entre altres productes d&#8217;alta qualitat, amb uns selectes i deliciosos embotits ib\u00e8rics, amb el pernil ib\u00e8ric com a estrella, i un delici\u00f3s assortiment de formatges, que far\u00e0 les del\u00edcies del m\u00e9s exigent dels paladars.<\/span><br \/>\n<\/span>[\/vc_column_text][vc_btn title=&#8221;Reservar Taula&#8221; color=&#8221;chino&#8221; align=&#8221;center&#8221; link=&#8221;url:http%3A%2F%2Fvivotapas.laende.com%2Fca%2Flocalitzacio-i-reserves%2F|title:Localitzaci%C3%B3%20i%20reserves||&#8221;][\/vc_column][\/vc_row]<\/p>\n<\/div>","protected":false},"excerpt":{"rendered":"<p>[vc_row][vc_column][vc_single_image image=&#8221;336&#8243; img_size=&#8221;full&#8221;][vc_column_text]Per aconseguir que de la Cuina de Vivosurtin delicioses tapes d&#8217;alta cuina, nom\u00e9s permetem que entrin\u00a0aliments de primer\u00edssima qualitat. Tant nosaltres com la nostra xarxa de\u00a0prove\u00efdors de m\u00e0xima confian\u00e7a i garantia\u00a0, vam acudir al mercat di\u00e0riament a la recerca de gambes vermelles de Palam\u00f3s, bolets de temporada, escollim amb deteniment les peces m\u00e9s [&hellip;]<\/p>\n","protected":false},"author":4,"featured_media":0,"parent":0,"menu_order":0,"comment_status":"closed","ping_status":"closed","template":"","meta":{"footnotes":""},"_links":{"self":[{"href":"https:\/\/vivotapas.com\/ca\/wp-json\/wp\/v2\/pages\/487"}],"collection":[{"href":"https:\/\/vivotapas.com\/ca\/wp-json\/wp\/v2\/pages"}],"about":[{"href":"https:\/\/vivotapas.com\/ca\/wp-json\/wp\/v2\/types\/page"}],"author":[{"embeddable":true,"href":"https:\/\/vivotapas.com\/ca\/wp-json\/wp\/v2\/users\/4"}],"replies":[{"embeddable":true,"href":"https:\/\/vivotapas.com\/ca\/wp-json\/wp\/v2\/comments?post=487"}],"version-history":[{"count":3,"href":"https:\/\/vivotapas.com\/ca\/wp-json\/wp\/v2\/pages\/487\/revisions"}],"predecessor-version":[{"id":981,"href":"https:\/\/vivotapas.com\/ca\/wp-json\/wp\/v2\/pages\/487\/revisions\/981"}],"wp:attachment":[{"href":"https:\/\/vivotapas.com\/ca\/wp-json\/wp\/v2\/media?parent=487"}],"curies":[{"name":"wp","href":"https:\/\/api.w.org\/{rel}","templated":true}]}}