{"id":490,"date":"2018-07-25T12:17:06","date_gmt":"2018-07-25T12:17:06","guid":{"rendered":"http:\/\/vivotapas.com\/?page_id=490"},"modified":"2022-07-15T12:06:41","modified_gmt":"2022-07-15T10:06:41","slug":"el-nostre-local","status":"publish","type":"page","link":"https:\/\/vivotapas.com\/ca\/el-nostre-local\/","title":{"rendered":"El nostre local"},"content":{"rendered":"<div class=\"wpb-content-wrapper\"><p>[vc_row][vc_column][vc_column_text]<span style=\"color: #cbb153;\"><strong><span style=\"font-size: 22px;\">Local<\/span><\/strong><\/span>[\/vc_column_text][\/vc_column][\/vc_row][vc_row][vc_column width=&#8221;1\/3&#8243;][vc_single_image image=&#8221;1062&#8243; img_size=&#8221;full&#8221;][vc_single_image image=&#8221;1065&#8243; img_size=&#8221;full&#8221;][\/vc_column][vc_column width=&#8221;1\/3&#8243;][vc_single_image image=&#8221;4855&#8243; img_size=&#8221;full&#8221; label=&#8221;&#8221;][vc_single_image image=&#8221;4857&#8243; img_size=&#8221;full&#8221; label=&#8221;&#8221;][\/vc_column][vc_column width=&#8221;1\/3&#8243;][vc_single_image image=&#8221;4856&#8243; img_size=&#8221;full&#8221; label=&#8221;&#8221;][vc_single_image image=&#8221;4858&#8243; img_size=&#8221;full&#8221; label=&#8221;&#8221;][\/vc_column][\/vc_row][vc_row][vc_column][vc_column_text]<span style=\"color: #cbb153;\"><strong><span style=\"font-size: 22px;\">Celebrities<\/span><\/strong><\/span>[\/vc_column_text][\/vc_column][\/vc_row][vc_row][vc_column width=&#8221;1\/3&#8243;][vc_single_image image=&#8221;1068&#8243; img_size=&#8221;full&#8221;][vc_single_image image=&#8221;4852&#8243; img_size=&#8221;full&#8221; label=&#8221;&#8221;][\/vc_column][vc_column width=&#8221;1\/3&#8243;][vc_single_image image=&#8221;1069&#8243; img_size=&#8221;full&#8221;][vc_single_image image=&#8221;1072&#8243; img_size=&#8221;full&#8221;][\/vc_column][vc_column width=&#8221;1\/3&#8243;][vc_single_image image=&#8221;1070&#8243; img_size=&#8221;full&#8221;][vc_single_image image=&#8221;4854&#8243; img_size=&#8221;full&#8221; label=&#8221;&#8221;][\/vc_column][\/vc_row][vc_row][vc_column][vc_column_text]<span style=\"color: #cbb153;\"><strong><span style=\"font-size: 22px;\">Esdeveniments<\/span><\/strong><\/span>[\/vc_column_text][\/vc_column][\/vc_row][vc_row][vc_column width=&#8221;1\/3&#8243;][vc_single_image image=&#8221;1074&#8243; img_size=&#8221;full&#8221;][vc_single_image image=&#8221;1077&#8243; img_size=&#8221;full&#8221;][\/vc_column][vc_column width=&#8221;1\/3&#8243;][vc_single_image image=&#8221;1075&#8243; img_size=&#8221;full&#8221;][vc_single_image image=&#8221;1078&#8243; img_size=&#8221;full&#8221;][\/vc_column][vc_column width=&#8221;1\/3&#8243;][vc_single_image image=&#8221;1076&#8243; img_size=&#8221;full&#8221;][vc_single_image image=&#8221;1079&#8243; img_size=&#8221;full&#8221;][\/vc_column][\/vc_row][vc_row][vc_column][vc_column_text]<span style=\"color: #cbb153;\"><strong><span style=\"font-size: 22px;\">Equip<\/span><\/strong><\/span>[\/vc_column_text][\/vc_column][\/vc_row][vc_row][vc_column width=&#8221;1\/3&#8243;][vc_single_image image=&#8221;1080&#8243; img_size=&#8221;full&#8221;][vc_single_image image=&#8221;1921&#8243; img_size=&#8221;full&#8221;][\/vc_column][vc_column width=&#8221;1\/3&#8243;][vc_single_image image=&#8221;1081&#8243; img_size=&#8221;full&#8221;][vc_single_image image=&#8221;1922&#8243; img_size=&#8221;full&#8221;][\/vc_column][vc_column width=&#8221;1\/3&#8243;][vc_single_image image=&#8221;1086&#8243; img_size=&#8221;full&#8221;][vc_single_image image=&#8221;1093&#8243; img_size=&#8221;full&#8221;][\/vc_column][\/vc_row][vc_row][vc_column][vc_column_text]<span style=\"color: #cbb153;\"><strong><span style=\"font-size: 22px;\">La barra del Vivo<br \/>\n<\/span><\/strong><\/span>[\/vc_column_text][\/vc_column][\/vc_row][vc_row][vc_column width=&#8221;1\/3&#8243;][vc_single_image image=&#8221;4859&#8243; img_size=&#8221;full&#8221; label=&#8221;&#8221;][vc_single_image image=&#8221;4862&#8243; img_size=&#8221;full&#8221; label=&#8221;&#8221;][\/vc_column][vc_column width=&#8221;1\/3&#8243;][vc_single_image image=&#8221;4860&#8243; img_size=&#8221;full&#8221; label=&#8221;&#8221;][vc_single_image image=&#8221;4863&#8243; img_size=&#8221;full&#8221; label=&#8221;&#8221;][\/vc_column][vc_column width=&#8221;1\/3&#8243;][vc_single_image image=&#8221;4861&#8243; img_size=&#8221;full&#8221; label=&#8221;&#8221;][vc_single_image image=&#8221;4864&#8243; img_size=&#8221;full&#8221; label=&#8221;&#8221;][\/vc_column][\/vc_row][vc_row][vc_column width=&#8221;1\/4&#8243;][\/vc_column][vc_column width=&#8221;1\/2&#8243;][vc_column_text]<iframe loading=\"lazy\" src=\"https:\/\/www.youtube.com\/embed\/hH8Kxpz4tMM\" width=\"560\" height=\"315\" frameborder=\"0\" allowfullscreen=\"allowfullscreen\"><\/iframe>[\/vc_column_text][\/vc_column][vc_column width=&#8221;1\/4&#8243;][\/vc_column][\/vc_row][vc_row][vc_column][vc_single_image image=&#8221;642&#8243; img_size=&#8221;1200&#215;315&#8243;][vc_column_text]<span style=\"font-size: 18px; color: #000000;\">Un local diferent, amb una decoraci\u00f3 molt original, moderna i elegant, que crea un ambient molt c\u00e0lid i agradable, i predisposa l&#8217;\u00e0nim per al gaudi d&#8217;un bon sopar o dinar, a la millor companyia.<\/span><\/p>\n<p><span style=\"font-size: 18px; color: #000000;\">Volem tenir cura cada detall, i fer que l&#8217;experi\u00e8ncia de dinar o sopar en Vivo Tapas, sigui una cosa memorable en tots els sentits, i que des que es traspassi el llindar de la nostra porta, tot resulti del m\u00e0xim grat per als nostres clients.<\/span><\/p>\n<p><span style=\"font-size: 18px; color: #000000;\">Per aix\u00f2 hem estat molt exigents a l&#8217;hora de decorar el local, escollint sempre els materials i el mobiliari del restaurant amb la ment posada en agradar i sorprendre als nostres clients.<\/span><\/p>\n<p><span style=\"color: #000000;\">\u00a0<\/span>[\/vc_column_text][vc_btn title=&#8221;Reservar Taula&#8221; color=&#8221;chino&#8221; align=&#8221;center&#8221; link=&#8221;url:http%3A%2F%2Fvivotapas.laende.com%2Fca%2Flocalitzacio-i-reserves%2F|title:Localitzaci%C3%B3%20i%20reserves||&#8221;][\/vc_column][\/vc_row][vc_row][vc_column][vc_single_image image=&#8221;860&#8243; img_size=&#8221;1200&#215;450&#8243;][\/vc_column][\/vc_row][vc_row][vc_column][vc_column_text]<iframe loading=\"lazy\" style=\"border: 0;\" src=\"https:\/\/www.google.com\/maps\/embed?pb=!4v1547893567795!6m8!1m7!1sCAoSLEFGMVFpcE5UTFFZcll1QS1VRFFSWlFva1dLcDJqSW5IbUF3WmVDRThWVjJz!2m2!1d41.39519085312845!2d2.159615515466385!3f317.32219487181897!4f-10.471483584064686!5f0.7820865974627469\" width=\"1920\" height=\"450\" frameborder=\"0\" allowfullscreen=\"allowfullscreen\"><\/iframe>[\/vc_column_text][\/vc_column][\/vc_row]<\/p>\n<\/div>","protected":false},"excerpt":{"rendered":"<p>[vc_row][vc_column][vc_column_text]Local[\/vc_column_text][\/vc_column][\/vc_row][vc_row][vc_column width=&#8221;1\/3&#8243;][vc_single_image image=&#8221;1062&#8243; img_size=&#8221;full&#8221;][vc_single_image image=&#8221;1065&#8243; img_size=&#8221;full&#8221;][\/vc_column][vc_column width=&#8221;1\/3&#8243;][vc_single_image image=&#8221;4855&#8243; img_size=&#8221;full&#8221; label=&#8221;&#8221;][vc_single_image image=&#8221;4857&#8243; img_size=&#8221;full&#8221; label=&#8221;&#8221;][\/vc_column][vc_column width=&#8221;1\/3&#8243;][vc_single_image image=&#8221;4856&#8243; img_size=&#8221;full&#8221; label=&#8221;&#8221;][vc_single_image image=&#8221;4858&#8243; img_size=&#8221;full&#8221; label=&#8221;&#8221;][\/vc_column][\/vc_row][vc_row][vc_column][vc_column_text]Celebrities[\/vc_column_text][\/vc_column][\/vc_row][vc_row][vc_column width=&#8221;1\/3&#8243;][vc_single_image image=&#8221;1068&#8243; img_size=&#8221;full&#8221;][vc_single_image image=&#8221;4852&#8243; img_size=&#8221;full&#8221; label=&#8221;&#8221;][\/vc_column][vc_column width=&#8221;1\/3&#8243;][vc_single_image image=&#8221;1069&#8243; img_size=&#8221;full&#8221;][vc_single_image image=&#8221;1072&#8243; img_size=&#8221;full&#8221;][\/vc_column][vc_column width=&#8221;1\/3&#8243;][vc_single_image image=&#8221;1070&#8243; img_size=&#8221;full&#8221;][vc_single_image image=&#8221;4854&#8243; img_size=&#8221;full&#8221; label=&#8221;&#8221;][\/vc_column][\/vc_row][vc_row][vc_column][vc_column_text]Esdeveniments[\/vc_column_text][\/vc_column][\/vc_row][vc_row][vc_column width=&#8221;1\/3&#8243;][vc_single_image image=&#8221;1074&#8243; img_size=&#8221;full&#8221;][vc_single_image image=&#8221;1077&#8243; img_size=&#8221;full&#8221;][\/vc_column][vc_column width=&#8221;1\/3&#8243;][vc_single_image image=&#8221;1075&#8243; img_size=&#8221;full&#8221;][vc_single_image image=&#8221;1078&#8243; img_size=&#8221;full&#8221;][\/vc_column][vc_column width=&#8221;1\/3&#8243;][vc_single_image image=&#8221;1076&#8243; img_size=&#8221;full&#8221;][vc_single_image image=&#8221;1079&#8243; img_size=&#8221;full&#8221;][\/vc_column][\/vc_row][vc_row][vc_column][vc_column_text]Equip[\/vc_column_text][\/vc_column][\/vc_row][vc_row][vc_column width=&#8221;1\/3&#8243;][vc_single_image image=&#8221;1080&#8243; img_size=&#8221;full&#8221;][vc_single_image [&hellip;]<\/p>\n","protected":false},"author":4,"featured_media":0,"parent":0,"menu_order":0,"comment_status":"closed","ping_status":"closed","template":"","meta":{"footnotes":""},"_links":{"self":[{"href":"https:\/\/vivotapas.com\/ca\/wp-json\/wp\/v2\/pages\/490"}],"collection":[{"href":"https:\/\/vivotapas.com\/ca\/wp-json\/wp\/v2\/pages"}],"about":[{"href":"https:\/\/vivotapas.com\/ca\/wp-json\/wp\/v2\/types\/page"}],"author":[{"embeddable":true,"href":"https:\/\/vivotapas.com\/ca\/wp-json\/wp\/v2\/users\/4"}],"replies":[{"embeddable":true,"href":"https:\/\/vivotapas.com\/ca\/wp-json\/wp\/v2\/comments?post=490"}],"version-history":[{"count":14,"href":"https:\/\/vivotapas.com\/ca\/wp-json\/wp\/v2\/pages\/490\/revisions"}],"predecessor-version":[{"id":4875,"href":"https:\/\/vivotapas.com\/ca\/wp-json\/wp\/v2\/pages\/490\/revisions\/4875"}],"wp:attachment":[{"href":"https:\/\/vivotapas.com\/ca\/wp-json\/wp\/v2\/media?parent=490"}],"curies":[{"name":"wp","href":"https:\/\/api.w.org\/{rel}","templated":true}]}}