{"id":492,"date":"2018-07-25T12:27:30","date_gmt":"2018-07-25T12:27:30","guid":{"rendered":"http:\/\/vivotapas.com\/?page_id=492"},"modified":"2020-01-31T09:32:42","modified_gmt":"2020-01-31T08:32:42","slug":"valors","status":"publish","type":"page","link":"https:\/\/vivotapas.com\/ca\/valors\/","title":{"rendered":"Valors"},"content":{"rendered":"<div class=\"wpb-content-wrapper\"><p>[vc_row][vc_column][vc_single_image image=&#8221;2770&#8243; img_size=&#8221;full&#8221; alignment=&#8221;center&#8221;][vc_column_text]<\/p>\n<h2><span style=\"color: #000000;\"><strong><span style=\"font-size: 22px;\">Productes de primera qualitat<\/span><\/strong><\/span><\/h2>\n<p><span style=\"font-size: 18px; color: #000000;\">Per aconseguir que de la Cuina de Vivo<span class=\"\">surtin delicioses tapes d&#8217;alta cuina, nom\u00e9s permetem que entrin\u00a0<\/span><strong><span class=\"\">aliments de primer\u00edssima qualitat<\/span><\/strong><span class=\"\">.<\/span><\/span><\/p>\n<p><span style=\"font-size: 18px; color: #000000;\"><span class=\"\">Tant nosaltres com la nostra xarxa de\u00a0<\/span><strong><span class=\"\">prove\u00efdors de m\u00e0xima confian\u00e7a i garantia<\/span><\/strong><span class=\"\">\u00a0, vam acudir al mercat di\u00e0riament a la recerca de gambes vermelles de Palam\u00f3s, bolets de temporada, escollim amb deteniment les peces m\u00e9s saboroses i tendres de les millors caps de bestiar, els peixos i mariscs m\u00e9s frescos, i les fruites i verdures de m\u00e9s qualitat.<\/span><\/span><\/p>\n<p><span style=\"font-size: 18px; color: #000000;\">Tamb\u00e9 comptem entre altres productes d&#8217;alta qualitat, amb uns selectes i deliciosos embotits ib\u00e8rics, amb el pernil ib\u00e8ric com a estrella, i un delici\u00f3s assortiment de formatges, que far\u00e0 les del\u00edcies del m\u00e9s exigent dels paladars.<\/span>[\/vc_column_text][\/vc_column][\/vc_row][vc_row][vc_column][vc_single_image image=&#8221;3102&#8243; img_size=&#8221;full&#8221;][vc_column_text]<\/p>\n<div id=\"pg-142-1\" class=\"panel-grid panel-no-style\">\n<div id=\"pgc-142-1-0\" class=\"panel-grid-cell\">\n<div id=\"panel-142-1-0-0\" class=\"so-panel widget widget_sow-editor panel-first-child panel-last-child\" data-index=\"1\">\n<div class=\"so-widget-sow-editor so-widget-sow-editor-base\">\n<div class=\"siteorigin-widget-tinymce textwidget\">\n<h2><span style=\"font-size: 22px; color: #000000;\"><strong>Missi\u00f3<\/strong><\/span><\/h2>\n<p><span style=\"font-size: 18px; color: #000000;\"><strong>Vivo Tapas\u00a0<\/strong><span class=\"\">\u00e9s un restaurant que es\u00a0\u00a0<\/span><strong><span class=\"\">rendeix culte als sentits<\/span><\/strong><span class=\"\">\u00a0.\u00a0<\/span>Neix amb l&#8217;objectiu de seduir als seus clients i proporcionar experi\u00e8ncies plaents i memorables a trav\u00e9s de:<\/span><\/p>\n<p><span style=\"font-size: 18px; color: #000000;\"><strong>La Vista:<\/strong>\u00a0Una imatge molt cuidada i detallista que comen\u00e7a amb la pr\u00f2pia decoraci\u00f3 del local, i acaba per l&#8217;est\u00e8tica del emplatat en cadascuna de les nostres tapes, plats i postres.<br \/>\n<\/span><\/p>\n<p><span style=\"font-size: 18px; color: #000000;\"><strong>El Olfacte:\u00a0<\/strong>\u00a0Des de les frag\u00e0ncies dels vins de la nostra carta, fins les aromes delicats de les nostres tapes d&#8217;alta cuina, la nostra experi\u00e8ncia en el m\u00f3n de la restauraci\u00f3 ens ha fet saber que l&#8217;olfacte \u00e9s un sentit important\u00edssim en l&#8217;experi\u00e8ncia gastron\u00f2mica.<br \/>\n<\/span><\/p>\n<p><span style=\"font-size: 18px; color: #000000;\"><strong>El Tacte:\u00a0<\/strong>\u00a0Obtenim quan s&#8217;escau, textures diferents que poden aconseguir-se amb els aliments segons l&#8217;elaboraci\u00f3 que es realitzi.\u00a0Aix\u00f2 permet al nostre equip de cuina expressar idees creatives, i transmetre diferents sensacions agradables a trav\u00e9s d&#8217;aquest sentit.<br \/>\n<\/span><\/p>\n<p><span style=\"font-size: 18px; color: #000000;\"><strong><span class=\"goog-text-highlight\">El Gust:\u00a0<\/span><\/strong><span class=\"goog-text-highlight\">\u00a0I per descomptat el sabor de les nostres tapes, ha de ser el colof\u00f3 a tota la resta.\u00a0<\/span>Sense un sabor exquisit, tota la resta perd el significat.\u00a0Busquem sorprendre i agradar a parts iguals.<\/span><\/p>\n<p><span style=\"font-size: 18px; color: #000000;\"><strong>Vivo\u00a0<\/strong><span class=\"goog-text-highlight\">\u00e9s un\u00a0<\/span><strong><span class=\"goog-text-highlight\">restaurant de Tapes, d&#8217;alta cuina i de gran qualitat,<\/span><\/strong><span class=\"goog-text-highlight\">\u00a0en el qual tamb\u00e9 es\u00a0<\/span><strong><span class=\"goog-text-highlight\">rendeix culte als sentiments<\/span><\/strong><span class=\"goog-text-highlight\">\u00a0, ia una forma molt nostra d&#8217;entendre la vida i la gastronomia.\u00a0<\/span><span class=\"\">El concepte de tapa est\u00e0 \u00edntimament relacionat amb el\u00a0\u00a0<\/span><strong><span class=\"\">estil de vida mediterranis<\/span><\/strong><span class=\"\">\u00a0o, es tracta de provar i compartir, gaudir d&#8217;una bona estona menjant entre amics.<\/span><\/span><\/div>\n<\/div>\n<\/div>\n<\/div>\n<\/div>\n<p>[\/vc_column_text][\/vc_column][\/vc_row][vc_row][vc_column][vc_single_image image=&#8221;3103&#8243; img_size=&#8221;full&#8221; alignment=&#8221;center&#8221;][vc_column_text]<\/p>\n<h2><span style=\"font-size: 22px; color: #000000;\"><strong>Visi\u00f3<\/strong><\/span><\/h2>\n<p><span style=\"color: #000000; font-size: 18px;\">Ser un restaurant de visita obligada per als amants de les\u00a0<strong>tapes i de l&#8217;alta cuina,\u00a0<\/strong>\u00a0visitar Barcelona i consolidar-nos com el Restaurant de refer\u00e8ncia en Tapes i Cuina Mediterr\u00e0nia de l&#8217;eix de Passeig de Gr\u00e0cia.<br \/>\n<\/span><\/p>\n<p><span style=\"color: #000000;\"><span style=\"font-size: 18px;\"><strong>Vivo Tapas<\/strong> ha de ser un restaurant cosmopolita, on es barregin clients aut\u00f2ctons amb visitants de la ciutat de tot arreu de m\u00f3n, que acudeixin expressament al nostre local per degustar les nostres tapes, i gaudir d&#8217;un ambient molt especial.<\/span><br \/>\n<\/span>[\/vc_column_text][\/vc_column][\/vc_row][vc_row][vc_column][vc_single_image image=&#8221;3105&#8243; img_size=&#8221;full&#8221; label=&#8221;&#8221;][vc_column_text]<\/p>\n<h2><span style=\"font-size: 22px; color: #000000;\"><strong>Valors<\/strong><\/span><\/h2>\n<p><span style=\"color: #000000; font-size: 18px;\"><strong><span class=\"goog-text-highlight\">Creativitat i Tradici\u00f3:<\/span>\u00a0<\/strong>Respectem profundament l&#8217;her\u00e8ncia cultural que suposen les receptes tradicionals, i partint del seu coneixement, fem servir amb criteri tota la nostra creativitat per realitzar nous plats i tapes, o crear noves versions amb el nostre toc d&#8217;alta cuina.<\/span><\/p>\n<p><span style=\"color: #000000; font-size: 18px;\"><strong><span class=\"\">Professionalitat i Passi\u00f3:<\/span>\u00a0<\/strong><span class=\"\">Nom\u00e9s comptem amb professionals compromesos i que gaudeixen fent b\u00e9 la seva feina.\u00a0<\/span><span class=\"goog-text-highlight\">Estar sempre disposat a donar el millor d&#8217;un mateix, \u00e9s un requisit indispensable per aconseguir que l&#8217;experi\u00e8ncia dels nostres clients en menjar o sopar en<\/span> Vivo, sigui una cosa \u00fanica i molt agradable.<br \/>\n<\/span><\/p>\n<p><span style=\"color: #000000; font-size: 18px;\"><strong><span class=\"\">Amabilitat i Cortesia:<\/span>\u00a0<\/strong><span class=\"\">Exigim un tracte c\u00e0lid i educat i professional cap als nostres clients.\u00a0<\/span>Estem sempre pendents de la seva comoditat i ens anticipem al que puguin necessitar.\u00a0Tamb\u00e9 exigim aquest mateix tracte entre els membres de l&#8217;equip, i cap als nostres prove\u00efdors.\u00a0<span class=\"goog-text-highlight\">Creiem que aconseguir un ambient agradable dins, es transmet cap a fora.<\/span><\/span><\/p>\n<p><span style=\"color: #000000; font-size: 18px;\"><strong><span class=\"\">Humilitat i Agra\u00efment:<\/span><\/strong> <span class=\"goog-text-highlight\">Sabem que no som perfectes.\u00a0<\/span><span class=\"\">I saber-ho \u00e9s la for\u00e7a que ens va ha fer millorar dia a dia.\u00a0<\/span><span class=\"\">Perqu\u00e8 tenim humilitat per recon\u00e8ixer que sempre es pot millorar, i tenim voluntat i ambici\u00f3 per aconseguir-ho.\u00a0<\/span>Tamb\u00e9 sabem que el nostre treball ni t\u00e9 sentit sense els nostres client, i agra\u00efm profundament sempre a cada client que entra al nostre restaurant, la confian\u00e7a que diposita en nosaltres.<br \/>\n<\/span><\/p>\n<p><span style=\"color: #000000; font-size: 18px;\"><strong>Treball en Equip:\u00a0<\/strong>Creiem en la formaci\u00f3, la companyonia, a compartir l&#8217;experi\u00e8ncia amb els m\u00e9s joves o novells, en la comunicaci\u00f3, la bona organitzaci\u00f3 i en el comprom\u00eds amb l&#8217;objectiu com\u00fa d&#8217;agradar, sorprendre i en definitiva fer feli\u00e7os als nostres clients.<\/span>[\/vc_column_text][\/vc_column][\/vc_row][vc_row][vc_column][vc_btn title=&#8221;Reservar Taula&#8221; color=&#8221;chino&#8221; align=&#8221;center&#8221; link=&#8221;url:http%3A%2F%2Fvivotapas.laende.com%2Fca%2Flocalitzacio-i-reserves%2F|title:Localitzaci%C3%B3%20i%20reserves||&#8221;][\/vc_column][\/vc_row]<\/p>\n<\/div>","protected":false},"excerpt":{"rendered":"<p>[vc_row][vc_column][vc_single_image image=&#8221;2770&#8243; img_size=&#8221;full&#8221; alignment=&#8221;center&#8221;][vc_column_text] Productes de primera qualitat Per aconseguir que de la Cuina de Vivosurtin delicioses tapes d&#8217;alta cuina, nom\u00e9s permetem que entrin\u00a0aliments de primer\u00edssima qualitat. Tant nosaltres com la nostra xarxa de\u00a0prove\u00efdors de m\u00e0xima confian\u00e7a i garantia\u00a0, vam acudir al mercat di\u00e0riament a la recerca de gambes vermelles de Palam\u00f3s, bolets de temporada, [&hellip;]<\/p>\n","protected":false},"author":4,"featured_media":0,"parent":0,"menu_order":0,"comment_status":"closed","ping_status":"closed","template":"","meta":{"footnotes":""},"_links":{"self":[{"href":"https:\/\/vivotapas.com\/ca\/wp-json\/wp\/v2\/pages\/492"}],"collection":[{"href":"https:\/\/vivotapas.com\/ca\/wp-json\/wp\/v2\/pages"}],"about":[{"href":"https:\/\/vivotapas.com\/ca\/wp-json\/wp\/v2\/types\/page"}],"author":[{"embeddable":true,"href":"https:\/\/vivotapas.com\/ca\/wp-json\/wp\/v2\/users\/4"}],"replies":[{"embeddable":true,"href":"https:\/\/vivotapas.com\/ca\/wp-json\/wp\/v2\/comments?post=492"}],"version-history":[{"count":9,"href":"https:\/\/vivotapas.com\/ca\/wp-json\/wp\/v2\/pages\/492\/revisions"}],"predecessor-version":[{"id":3312,"href":"https:\/\/vivotapas.com\/ca\/wp-json\/wp\/v2\/pages\/492\/revisions\/3312"}],"wp:attachment":[{"href":"https:\/\/vivotapas.com\/ca\/wp-json\/wp\/v2\/media?parent=492"}],"curies":[{"name":"wp","href":"https:\/\/api.w.org\/{rel}","templated":true}]}}