{"id":499,"date":"2018-07-25T12:32:00","date_gmt":"2018-07-25T12:32:00","guid":{"rendered":"http:\/\/vivotapas.com\/?page_id=499"},"modified":"2020-06-26T10:21:16","modified_gmt":"2020-06-26T08:21:16","slug":"la-barra-del-vivo","status":"publish","type":"page","link":"https:\/\/vivotapas.com\/ca\/la-barra-del-vivo\/","title":{"rendered":"La Barra del VIVO"},"content":{"rendered":"<div class=\"wpb-content-wrapper\"><p>[vc_row][vc_column][vc_column_text]<\/p>\n<h2 style=\"text-align: center;\">\u00a1El nostre bartender est\u00e0 classificat com un dels 50 millors coctelers d&#8217;Espanya en el prestigi\u00f3s World Class Spain 2019!<\/h2>\n<p>[\/vc_column_text][vc_empty_space][vc_video link=&#8221;https:\/\/youtu.be\/JS7zV4my16c&#8221; el_aspect=&#8221;43&#8243; align=&#8221;center&#8221;][vc_empty_space][\/vc_column][\/vc_row][vc_row][vc_column width=&#8221;1\/2&#8243;][vc_single_image image=&#8221;1748&#8243; img_size=&#8221;large&#8221; add_caption=&#8221;yes&#8221; alignment=&#8221;center&#8221;][vc_btn title=&#8221;Carta coctails&#8221; color=&#8221;inverse&#8221; size=&#8221;lg&#8221; align=&#8221;center&#8221; link=&#8221;url:https%3A%2F%2Fvivotapas.com%2Fca%2F|||&#8221;][\/vc_column][vc_column width=&#8221;1\/2&#8243;][vc_column_text]<\/p>\n<h3>Sonny Jim\u00e9nez, un dels bartenders de Viu Tapes, ha estat classificat recentment com un dels 50 millors coctelers d&#8217;Espanya segons la prestigiosa competici\u00f3 World Class Spain 2019.<\/h3>\n<blockquote><p><span style=\"font-size: 18px;\">World Class Competition \u00e9s el certamen de mixologia m\u00e9s important del m\u00f3n. Precursor de tend\u00e8ncies, aparador de nous talents i plataforma mundial per la reinvenci\u00f3 i evoluci\u00f3 de la cocteleria cl\u00e0ssica i moderna, aix\u00ed com un reconeixement a la feina i la innovaci\u00f3 dels professionals del combinat.<\/span><\/p>\n<p><span style=\"font-size: 18px;\">Organitzada per Diageo Reserve, la primera fase de la World Class Competition se celebra en sis regions espanyoles amb la participaci\u00f3 d&#8217;entre 10 i 12 bartenders preseleccionats de cada \u00e0rea del pa\u00eds. Els guanyadors de cada ronda regional queden autom\u00e0ticament classificats per a la Gran Final d&#8217;Espanya, i en la qual competiran pel t\u00edtol al Millor Bartender d&#8217;Espanya. Un t\u00edtol que converteix el guanyador en elrepresentante d&#8217;Espanya en la gran Final Mundial.<\/span><\/p><\/blockquote>\n<p>[\/vc_column_text][\/vc_column][\/vc_row]<\/p>\n<\/div>","protected":false},"excerpt":{"rendered":"<p>[vc_row][vc_column][vc_column_text] \u00a1El nostre bartender est\u00e0 classificat com un dels 50 millors coctelers d&#8217;Espanya en el prestigi\u00f3s World Class Spain 2019! [\/vc_column_text][vc_empty_space][vc_video link=&#8221;https:\/\/youtu.be\/JS7zV4my16c&#8221; el_aspect=&#8221;43&#8243; align=&#8221;center&#8221;][vc_empty_space][\/vc_column][\/vc_row][vc_row][vc_column width=&#8221;1\/2&#8243;][vc_single_image image=&#8221;1748&#8243; img_size=&#8221;large&#8221; add_caption=&#8221;yes&#8221; alignment=&#8221;center&#8221;][vc_btn title=&#8221;Carta coctails&#8221; color=&#8221;inverse&#8221; size=&#8221;lg&#8221; align=&#8221;center&#8221; link=&#8221;url:https%3A%2F%2Fvivotapas.com%2Fca%2F|||&#8221;][\/vc_column][vc_column width=&#8221;1\/2&#8243;][vc_column_text] Sonny Jim\u00e9nez, un dels bartenders de Viu Tapes, ha estat classificat recentment com un dels 50 millors coctelers d&#8217;Espanya [&hellip;]<\/p>\n","protected":false},"author":4,"featured_media":0,"parent":0,"menu_order":0,"comment_status":"closed","ping_status":"closed","template":"","meta":{"footnotes":""},"_links":{"self":[{"href":"https:\/\/vivotapas.com\/ca\/wp-json\/wp\/v2\/pages\/499"}],"collection":[{"href":"https:\/\/vivotapas.com\/ca\/wp-json\/wp\/v2\/pages"}],"about":[{"href":"https:\/\/vivotapas.com\/ca\/wp-json\/wp\/v2\/types\/page"}],"author":[{"embeddable":true,"href":"https:\/\/vivotapas.com\/ca\/wp-json\/wp\/v2\/users\/4"}],"replies":[{"embeddable":true,"href":"https:\/\/vivotapas.com\/ca\/wp-json\/wp\/v2\/comments?post=499"}],"version-history":[{"count":6,"href":"https:\/\/vivotapas.com\/ca\/wp-json\/wp\/v2\/pages\/499\/revisions"}],"predecessor-version":[{"id":3692,"href":"https:\/\/vivotapas.com\/ca\/wp-json\/wp\/v2\/pages\/499\/revisions\/3692"}],"wp:attachment":[{"href":"https:\/\/vivotapas.com\/ca\/wp-json\/wp\/v2\/media?parent=499"}],"curies":[{"name":"wp","href":"https:\/\/api.w.org\/{rel}","templated":true}]}}