{"id":572,"date":"2018-07-25T14:30:06","date_gmt":"2018-07-25T14:30:06","guid":{"rendered":"http:\/\/vivotapas.com\/?page_id=572"},"modified":"2018-10-18T16:14:03","modified_gmt":"2018-10-18T14:14:03","slug":"lssi","status":"publish","type":"page","link":"https:\/\/vivotapas.com\/ca\/lssi\/","title":{"rendered":"LSSI"},"content":{"rendered":"<div class=\"left-container\">\n<p><span style=\"font-size: 18px;\">En compliment de l\u2019article 10 de la Llei 34\/2002, de l\u201911 de juliol, de serveis de la Societat de la Informaci\u00f3 i Comer\u00e7 Electr\u00f2nic (LSSICE) s\u2019exposen a continuaci\u00f3 les dades identificatives de l\u2019empresa:<\/span><\/p>\n<p><span class=\"m_-5528874766328011128gmail-m_8725433876140598474gmail-value\" style=\"font-size: 18px;\">DEVELOPE ITALY S.L.<\/span><\/p>\n<p><span style=\"font-size: 18px;\">Amb nom comercial: VIVO TAPAS<\/span><\/p>\n<p><span class=\"m_-5528874766328011128gmail-m_8725433876140598474gmail-value\" style=\"font-size: 18px;\">CIF: B-66777004<\/span><\/p>\n<p><span style=\"font-size: 18px;\">Carrer del Rossell\u00f3, 255, 08008 Barcelona<\/span><\/p>\n<p><span class=\"call-us\" style=\"font-size: 18px;\">937 824 845<\/span><\/p>\n<div class=\"left-container\">\n<p><span style=\"font-size: 18px;\">Protecci\u00f3 de dades<\/span><\/p>\n<p><span style=\"font-size: 18px;\">Les dades facilitades pels usuaris seran incorporats a un fitxer automatitzat titularitat de la societat corresponent. <span class=\"m_-5528874766328011128gmail-m_8725433876140598474gmail-value\">DEVELOPE ITALY S.L. amb nom comercial<\/span> VIVO TAPAS es compromet a tractar les dades de car\u00e0cter personal dels usuaris de conformitat amb l\u2019establert en la normativa aplicable i, en particular, a tractar confidencialment les dades de car\u00e0cter personal de l\u2019usuari a les quals tingui acc\u00e9s com a conseq\u00fc\u00e8ncia de la seva navegaci\u00f3 en el lloc web. Respecte de les dades esmentades podr\u00e0 exercir els drets d\u2019acc\u00e9s, rectificaci\u00f3 i cancel\u00b7laci\u00f3 en els termes establerts en la llei org\u00e0nica mitjan\u00e7ant una comunicaci\u00f3 dirigida a:<\/span><\/p>\n<p><span class=\"m_-5528874766328011128gmail-m_8725433876140598474gmail-value\" style=\"font-size: 18px;\">DEVELOPE ITALY S.L.<\/span><\/p>\n<p><span style=\"font-size: 18px;\">Amb nom comercial: VIVO TAPAS<\/span><\/p>\n<p><span class=\"m_-5528874766328011128gmail-m_8725433876140598474gmail-value\" style=\"font-size: 18px;\">CIF: B-66777004<\/span><\/p>\n<p><span style=\"font-size: 18px;\">Carrer del Rossell\u00f3, 255, 08008 Barcelona<\/span><\/p>\n<p><span class=\"call-us\" style=\"font-size: 18px;\">937 824 845<\/span><\/p>\n<\/div>\n<\/div>\n","protected":false},"excerpt":{"rendered":"<p>En compliment de l\u2019article 10 de la Llei 34\/2002, de l\u201911 de juliol, de serveis de la Societat de la Informaci\u00f3 i Comer\u00e7 Electr\u00f2nic (LSSICE) s\u2019exposen a continuaci\u00f3 les dades identificatives de l\u2019empresa: DEVELOPE ITALY S.L. Amb nom comercial: VIVO TAPAS CIF: B-66777004 Carrer del Rossell\u00f3, 255, 08008 Barcelona 937 824 845 Protecci\u00f3 de dades [&hellip;]<\/p>\n","protected":false},"author":4,"featured_media":0,"parent":0,"menu_order":0,"comment_status":"closed","ping_status":"closed","template":"","meta":{"footnotes":""},"_links":{"self":[{"href":"https:\/\/vivotapas.com\/ca\/wp-json\/wp\/v2\/pages\/572"}],"collection":[{"href":"https:\/\/vivotapas.com\/ca\/wp-json\/wp\/v2\/pages"}],"about":[{"href":"https:\/\/vivotapas.com\/ca\/wp-json\/wp\/v2\/types\/page"}],"author":[{"embeddable":true,"href":"https:\/\/vivotapas.com\/ca\/wp-json\/wp\/v2\/users\/4"}],"replies":[{"embeddable":true,"href":"https:\/\/vivotapas.com\/ca\/wp-json\/wp\/v2\/comments?post=572"}],"version-history":[{"count":3,"href":"https:\/\/vivotapas.com\/ca\/wp-json\/wp\/v2\/pages\/572\/revisions"}],"predecessor-version":[{"id":991,"href":"https:\/\/vivotapas.com\/ca\/wp-json\/wp\/v2\/pages\/572\/revisions\/991"}],"wp:attachment":[{"href":"https:\/\/vivotapas.com\/ca\/wp-json\/wp\/v2\/media?parent=572"}],"curies":[{"name":"wp","href":"https:\/\/api.w.org\/{rel}","templated":true}]}}