{"id":575,"date":"2018-07-25T14:40:59","date_gmt":"2018-07-25T14:40:59","guid":{"rendered":"http:\/\/vivotapas.com\/?page_id=575"},"modified":"2018-10-18T16:20:18","modified_gmt":"2018-10-18T14:20:18","slug":"rgpd","status":"publish","type":"page","link":"https:\/\/vivotapas.com\/ca\/rgpd\/","title":{"rendered":"RGPD"},"content":{"rendered":"<p><strong><span style=\"font-size: 30px;\"><b>Pol\u00edtica de Protecci\u00f3 de Dades<\/b><\/span><br \/>\n<\/strong><\/p>\n<p><span style=\"font-size: 18px;\">En compliment del REGLAMENT (UE) 2016\/679 DEL PARLAMENT EUROPEU I DEL CONSELL de 27 d\u2019Abril de 2016, relatiu a la protecci\u00f3 de les persones f\u00edsiques pel que fa al tractament de dades personals i a la lliure circulaci\u00f3 d\u2019aquestes dades i la seva normativa de desenvolupament, se li informa que les dades personals proporcionades per vost\u00e8 seran tractats amb la finalitat de facilitar la informaci\u00f3 sol\u00b7licitada sobre els nostres productes i serveis, aix\u00ed com la de donar contestaci\u00f3 i gestionar els seus comentaris i suggeriments.\u00a0El seu consentiment \u00e9s la base legal per al tractament de les dades.<\/span><\/p>\n<p><span style=\"font-size: 18px;\">A trav\u00e9s de l\u2019emplenament de formularis de contacte de la Web o mitjan\u00e7ant l\u2019enviament de correus electr\u00f2nics o qualsevol altre tipus de sol\u00b7licitud d\u2019informaci\u00f3 remesa a <span class=\"m_-5528874766328011128gmail-m_8725433876140598474gmail-value\">DEVELOPE ITALY S.L.<\/span> amb nom comercial VIVO TAPAS amb CIF\u00a0<span class=\"m_-5528874766328011128gmail-m_8725433876140598474gmail-value\">B-66777004<\/span>,l\u2019interessat presta el seu consentiment expr\u00e9s per al tractament de les seves dades personals.<\/span><\/p>\n<p><span style=\"font-size: 18px;\">En cap cas dades de <span class=\"m_-5528874766328011128gmail-m_8725433876140598474gmail-value\">DEVELOPE ITALY S.L. amb nom comercial VIVO TAPAS amb CIF\u00a0B-66777004,<\/span> utilitzar\u00e0 les dades personals dels interessats per a finalitats diferents dels anteriorment esmentats, ni els comunicar\u00e0 a tercers sense el consentiment previ i expr\u00e9s de l\u2019afectat, i es compromet a guardar el degut secret professional i a establir les mesures t\u00e8cniques i organitzatives necess\u00e0ries per salvaguardar la informaci\u00f3 conforme als requeriments que estableix l\u2019esmentat Reglament. Les seves dades personals es conservaran en els nostres registres durant el temps que duri la relaci\u00f3 comercial. No obstant aix\u00f2, en qualsevol moment vost\u00e8 pot sol\u00b7licitar l\u2019acc\u00e9s a les seves dades personals i la seva rectificaci\u00f3 o supressi\u00f3. Aix\u00ed com, limitar el seu tractament, o directament oposar-se al tractament o exercir el dret a la portabilitat dels mateixos, mitjan\u00e7ant escrit, acompanyat de c\u00f2pia de document oficial que li identifiqui, dirigit a <span class=\"m_-5528874766328011128gmail-m_8725433876140598474gmail-value\">DEVELOPE ITALY S.L. amb nom comercial VIVO TAPAS amb CIF\u00a0B-66777004<\/span> mitjan\u00e7ant el correu electr\u00f2nic: inforestaurantevivo@gmail.com<\/span><\/p>\n<p><span style=\"font-size: 18px;\"><strong><b>Pol\u00edtica de protecci\u00f3 de menors<\/b><br \/>\n<\/strong><\/span><\/p>\n<p><span style=\"font-size: 18px;\">Queda prohibit l\u2019acc\u00e9s i \u00fas d\u2019est assetjo Web als menors de 13 anys que no estiguin degudament autoritzats <span class=\"m_-5528874766328011128gmail-m_8725433876140598474gmail-value\">DEVELOPE ITALY S.L. amb nom comercial VIVO TAPAS amb CIF\u00a0B-66777004<\/span>,ent\u00e9n que des del moment en qu\u00e8 un menor accedeix a aquesta Web, compta amb el perm\u00eds dels seus pares, del seu tutor o del seu representant legal.<\/span><\/p>\n<p><span style=\"font-size: 18px;\"><span class=\"m_-5528874766328011128gmail-m_8725433876140598474gmail-value\">DEVELOPE ITALY S.L.<\/span> amb nom comercial VIVO TAPAS amb CIF\u00a0<span class=\"m_-5528874766328011128gmail-m_8725433876140598474gmail-value\">B-66777004<\/span>,recorda a les persones majors d\u2019edat que tinguin al seu c\u00e0rrec menors, que ser\u00e0 de la seva exclusiva responsabilitat si algun menor incorpora les seves dades per sol\u00b7licitar algun servei.<\/span><\/p>\n<p><span style=\"font-size: 18px;\"><strong><b>Legislaci\u00f3 i jurisdicci\u00f3 aplicable<\/b><br \/>\n<\/strong><\/span><\/p>\n<p><span style=\"font-size: 18px;\">Las presentes condiciones se rigen por la normativa espa\u00f1ola vigente.<\/span><\/p>\n<p><span style=\"font-size: 18px;\">Les presents condicions es regeixen per la normativa espanyola vigent. Per a la resoluci\u00f3 de les controv\u00e8rsies que poguessin derivar-se com a conseq\u00fc\u00e8ncia del que es disposa en les presents disposicions, i amb ren\u00fancia expressa a qualsevol altre fur que pogu\u00e9s correspondre, l\u2019usuari acorda sotmetre\u2019s a la Jurisdicci\u00f3 dels Jutjats i Tribunals de Barcelona.<\/span><\/p>\n","protected":false},"excerpt":{"rendered":"<p>Pol\u00edtica de Protecci\u00f3 de Dades En compliment del REGLAMENT (UE) 2016\/679 DEL PARLAMENT EUROPEU I DEL CONSELL de 27 d\u2019Abril de 2016, relatiu a la protecci\u00f3 de les persones f\u00edsiques pel que fa al tractament de dades personals i a la lliure circulaci\u00f3 d\u2019aquestes dades i la seva normativa de desenvolupament, se li informa que [&hellip;]<\/p>\n","protected":false},"author":4,"featured_media":0,"parent":0,"menu_order":0,"comment_status":"closed","ping_status":"closed","template":"","meta":{"footnotes":""},"_links":{"self":[{"href":"https:\/\/vivotapas.com\/ca\/wp-json\/wp\/v2\/pages\/575"}],"collection":[{"href":"https:\/\/vivotapas.com\/ca\/wp-json\/wp\/v2\/pages"}],"about":[{"href":"https:\/\/vivotapas.com\/ca\/wp-json\/wp\/v2\/types\/page"}],"author":[{"embeddable":true,"href":"https:\/\/vivotapas.com\/ca\/wp-json\/wp\/v2\/users\/4"}],"replies":[{"embeddable":true,"href":"https:\/\/vivotapas.com\/ca\/wp-json\/wp\/v2\/comments?post=575"}],"version-history":[{"count":2,"href":"https:\/\/vivotapas.com\/ca\/wp-json\/wp\/v2\/pages\/575\/revisions"}],"predecessor-version":[{"id":996,"href":"https:\/\/vivotapas.com\/ca\/wp-json\/wp\/v2\/pages\/575\/revisions\/996"}],"wp:attachment":[{"href":"https:\/\/vivotapas.com\/ca\/wp-json\/wp\/v2\/media?parent=575"}],"curies":[{"name":"wp","href":"https:\/\/api.w.org\/{rel}","templated":true}]}}