{"id":579,"date":"2018-07-25T14:45:10","date_gmt":"2018-07-25T14:45:10","guid":{"rendered":"http:\/\/vivotapas.com\/?page_id=579"},"modified":"2018-10-18T16:15:01","modified_gmt":"2018-10-18T14:15:01","slug":"lssi","status":"publish","type":"page","link":"https:\/\/vivotapas.com\/en\/lssi\/","title":{"rendered":"LSSI"},"content":{"rendered":"<div class=\"left-container\">\n<p><span style=\"font-size: 18px;\">En cumplimiento del art\u00edculo 10 de la Ley 34\/2002, del 11 de julio, de servicios de la Sociedad de la Informaci\u00f3n y Comercio Electr\u00f3nico (LSSICE) se exponen a continuaci\u00f3n los datos identificativos de la empresa:<\/span><\/p>\n<p><span class=\"m_-5528874766328011128gmail-m_8725433876140598474gmail-value\" style=\"font-size: 18px;\">DEVELOPE ITALY S.L.<\/span><\/p>\n<p><span style=\"font-size: 18px;\">Con nombre comercial: VIVO TAPAS<\/span><\/p>\n<p><span class=\"m_-5528874766328011128gmail-m_8725433876140598474gmail-value\" style=\"font-size: 18px;\">CIF: B-66777004<\/span><\/p>\n<p><span style=\"font-size: 18px;\">Carrer del Rossell\u00f3, 255, 08008 Barcelona<\/span><\/p>\n<p><span class=\"call-us\" style=\"font-size: 18px;\">937 824 845<\/span><\/p>\n<div class=\"left-container\">\n<p><span style=\"font-size: 18px;\">Protecci\u00f3n de datos<\/span><\/p>\n<p><span style=\"font-size: 18px;\">Los datos facilitados por los usuarios ser\u00e1n incorporados a un fichero automatizado titularidad de la sociedad correspondiente. <span class=\"m_-5528874766328011128gmail-m_8725433876140598474gmail-value\">DEVELOPE ITALY S.L. <\/span>con nombre comercial VIVO TAPAS se compromete a tratar los datos de car\u00e1cter personal de los usuarios de conformidad con lo establecido en la normativa aplicable y, en particular, a tratar confidencialmente los datos de car\u00e1cter personal del usuario a las que tenga acceso como consecuencia de su navegaci\u00f3n en el sitio web. Respecto de los datos mencionados podr\u00e1 ejercer los derechos de acceso, rectificaci\u00f3n y cancelaci\u00f3n en los t\u00e9rminos establecidos en la ley org\u00e1nica mediante una comunicaci\u00f3n dirigida a:<\/span><\/p>\n<p><span class=\"m_-5528874766328011128gmail-m_8725433876140598474gmail-value\" style=\"font-size: 18px;\">DEVELOPE ITALY S.L.<\/span><\/p>\n<p><span style=\"font-size: 18px;\">Con nombre comercial: VIVO TAPAS<\/span><\/p>\n<p><span class=\"m_-5528874766328011128gmail-m_8725433876140598474gmail-value\" style=\"font-size: 18px;\">CIF: B-66777004<\/span><\/p>\n<p><span style=\"font-size: 18px;\">Carrer del Rossell\u00f3, 255, 08008 Barcelona<\/span><\/p>\n<p><span class=\"call-us\" style=\"font-size: 18px;\">937 824 845<\/span><\/p>\n<\/div>\n<\/div>\n","protected":false},"excerpt":{"rendered":"<p>En cumplimiento del art\u00edculo 10 de la Ley 34\/2002, del 11 de julio, de servicios de la Sociedad de la Informaci\u00f3n y Comercio Electr\u00f3nico (LSSICE) se exponen a continuaci\u00f3n los datos identificativos de la empresa: DEVELOPE ITALY S.L. Con nombre comercial: VIVO TAPAS CIF: B-66777004 Carrer del Rossell\u00f3, 255, 08008 Barcelona 937 824 845 Protecci\u00f3n [&hellip;]<\/p>\n","protected":false},"author":4,"featured_media":0,"parent":0,"menu_order":0,"comment_status":"closed","ping_status":"closed","template":"","meta":{"footnotes":""},"_links":{"self":[{"href":"https:\/\/vivotapas.com\/en\/wp-json\/wp\/v2\/pages\/579"}],"collection":[{"href":"https:\/\/vivotapas.com\/en\/wp-json\/wp\/v2\/pages"}],"about":[{"href":"https:\/\/vivotapas.com\/en\/wp-json\/wp\/v2\/types\/page"}],"author":[{"embeddable":true,"href":"https:\/\/vivotapas.com\/en\/wp-json\/wp\/v2\/users\/4"}],"replies":[{"embeddable":true,"href":"https:\/\/vivotapas.com\/en\/wp-json\/wp\/v2\/comments?post=579"}],"version-history":[{"count":3,"href":"https:\/\/vivotapas.com\/en\/wp-json\/wp\/v2\/pages\/579\/revisions"}],"predecessor-version":[{"id":992,"href":"https:\/\/vivotapas.com\/en\/wp-json\/wp\/v2\/pages\/579\/revisions\/992"}],"wp:attachment":[{"href":"https:\/\/vivotapas.com\/en\/wp-json\/wp\/v2\/media?parent=579"}],"curies":[{"name":"wp","href":"https:\/\/api.w.org\/{rel}","templated":true}]}}