{"id":581,"date":"2018-07-25T14:46:33","date_gmt":"2018-07-25T14:46:33","guid":{"rendered":"http:\/\/vivotapas.com\/?page_id=581"},"modified":"2018-10-18T16:19:34","modified_gmt":"2018-10-18T14:19:34","slug":"rgpd","status":"publish","type":"page","link":"https:\/\/vivotapas.com\/en\/rgpd\/","title":{"rendered":"RGPD"},"content":{"rendered":"<p><span style=\"font-size: 30px;\"><strong>Pol\u00edtica de Protecci\u00f3n de Datos<\/strong><\/span><\/p>\n<p><span style=\"font-size: 18px;\">En cumplimiento del REGLAMENTO (UE) 2016\/679 DEL PARLAMENTO EUROPEO Y DEL CONSEJO de 27 de Abril de 2016, relativo a la protecci\u00f3n de las personas f\u00edsicas en lo que respecta al tratamiento de datos personales y a la libre circulaci\u00f3n de estos datos y su normativa de desarrollo, se le informa que los datos personales proporcionados por usted ser\u00e1n tratados con la finalidad de facilitar la informaci\u00f3n solicitada acerca de nuestros productos y servicios, as\u00ed como la de dar contestaci\u00f3n y gestionar sus comentarios y sugerencias. Su consentimiento es la base legal para el tratamiento de los datos.<\/span><\/p>\n<p><span style=\"font-size: 18px;\">A trav\u00e9s de la cumplimentaci\u00f3n de formularios de contacto de la Web o mediante el env\u00edo de correos electr\u00f3nicos o cualquier otro tipo de solicitud de informaci\u00f3n remitida a <span class=\"m_-5528874766328011128gmail-m_8725433876140598474gmail-value\">DEVELOPE ITALY S.L.<\/span> con nombre comercial VIVO TAPAS con CIF\u00a0<span class=\"m_-5528874766328011128gmail-m_8725433876140598474gmail-value\">B-66777004<\/span>, el interesado presta su consentimiento expreso para el tratamiento de sus datos personales.<\/span><\/p>\n<p><span style=\"font-size: 18px;\">En ning\u00fan caso datos de <span class=\"m_-5528874766328011128gmail-m_8725433876140598474gmail-value\">DEVELOPE ITALY S.L. con nombre comercial VIVO TAPAS con CIF\u00a0B-66777004,<\/span> utilizar\u00e1 los datos personales de los interesados para fines distintos de los anteriormente mencionados, ni los comunicar\u00e1 a terceros sin el consentimiento previo y expreso del afectado, y se compromete a guardar el debido secreto profesional y a establecer las medidas t\u00e9cnicas y organizativas necesarias para salvaguardar la informaci\u00f3n conforme a los requerimientos que establece el mencionado Reglamento<\/span><\/p>\n<p><span style=\"font-size: 18px;\">Sus datos personales se conservar\u00e1n en nuestros registros durante el tiempo que dure la relaci\u00f3n comercial. No obstante, en cualquier momento usted puede solicitar el acceso a sus datos personales y su rectificaci\u00f3n o supresi\u00f3n. As\u00ed como, limitar su tratamiento, o directamente oponerse al tratamiento o ejercer el derecho a la portabilidad de los mismos, mediante escrito, acompa\u00f1ado de copia de documento oficial que le identifique, dirigido a <span class=\"m_-5528874766328011128gmail-m_8725433876140598474gmail-value\">DEVELOPE ITALY S.L. con nombre comercial VIVO TAPAS con CIF\u00a0B-66777004<\/span> mediante el correo electr\u00f3nico: inforestaurantevivo@gmail.com<\/span><\/p>\n<p><span style=\"font-size: 18px;\"><strong>Pol\u00edtica de protecci\u00f3n de menores<\/strong><\/span><\/p>\n<p><span style=\"font-size: 18px;\">Queda prohibido el acceso y uso de este sitio Web a los menores de 13 a\u00f1os que no est\u00e9n debidamente autorizados <span class=\"m_-5528874766328011128gmail-m_8725433876140598474gmail-value\">DEVELOPE ITALY S.L. con nombre comercial VIVO TAPAS con CIF\u00a0B-66777004<\/span>, entiende que desde el momento en que un menor accede a esta Web, cuenta con el permiso de sus padres, de su tutor o de su representante legal.<\/span><\/p>\n<p><span style=\"font-size: 18px;\"><span class=\"m_-5528874766328011128gmail-m_8725433876140598474gmail-value\">DEVELOPE ITALY S.L.<\/span> con nombre comercial VIVO TAPAS con CIF\u00a0<span class=\"m_-5528874766328011128gmail-m_8725433876140598474gmail-value\">B-66777004<\/span>, recuerda a las personas mayores de edad que tengan a su cargo menores, que ser\u00e1 de su exclusiva responsabilidad si alg\u00fan menor incorpora sus datos para solicitar alg\u00fan servicio.<\/span><\/p>\n<p><span style=\"font-size: 18px;\"><strong>Legislaci\u00f3n y jurisdicci\u00f3n aplicable<\/strong><\/span><\/p>\n<p><span style=\"font-size: 18px;\">Las presentes condiciones se rigen por la normativa espa\u00f1ola vigente.<\/span><\/p>\n<p><span style=\"font-size: 18px;\">Para la resoluci\u00f3n de las controversias que pudieran derivarse como consecuencia de lo dispuesto en las presentes disposiciones, y con renuncia expresa a cualquier otro fuero que pudiera corresponder, el usuario acuerda someterse a la Jurisdicci\u00f3n de los Juzgados y Tribunales de Barcelona.<\/span><\/p>\n","protected":false},"excerpt":{"rendered":"<p>Pol\u00edtica de Protecci\u00f3n de Datos En cumplimiento del REGLAMENTO (UE) 2016\/679 DEL PARLAMENTO EUROPEO Y DEL CONSEJO de 27 de Abril de 2016, relativo a la protecci\u00f3n de las personas f\u00edsicas en lo que respecta al tratamiento de datos personales y a la libre circulaci\u00f3n de estos datos y su normativa de desarrollo, se le [&hellip;]<\/p>\n","protected":false},"author":4,"featured_media":0,"parent":0,"menu_order":0,"comment_status":"closed","ping_status":"closed","template":"","meta":{"footnotes":""},"_links":{"self":[{"href":"https:\/\/vivotapas.com\/en\/wp-json\/wp\/v2\/pages\/581"}],"collection":[{"href":"https:\/\/vivotapas.com\/en\/wp-json\/wp\/v2\/pages"}],"about":[{"href":"https:\/\/vivotapas.com\/en\/wp-json\/wp\/v2\/types\/page"}],"author":[{"embeddable":true,"href":"https:\/\/vivotapas.com\/en\/wp-json\/wp\/v2\/users\/4"}],"replies":[{"embeddable":true,"href":"https:\/\/vivotapas.com\/en\/wp-json\/wp\/v2\/comments?post=581"}],"version-history":[{"count":2,"href":"https:\/\/vivotapas.com\/en\/wp-json\/wp\/v2\/pages\/581\/revisions"}],"predecessor-version":[{"id":995,"href":"https:\/\/vivotapas.com\/en\/wp-json\/wp\/v2\/pages\/581\/revisions\/995"}],"wp:attachment":[{"href":"https:\/\/vivotapas.com\/en\/wp-json\/wp\/v2\/media?parent=581"}],"curies":[{"name":"wp","href":"https:\/\/api.w.org\/{rel}","templated":true}]}}